{"id":3,"date":"2026-02-18T17:34:05","date_gmt":"2026-02-18T16:34:05","guid":{"rendered":"https:\/\/vinicuncatravel.com\/?page_id=3"},"modified":"2026-03-14T19:07:41","modified_gmt":"2026-03-14T18:07:41","slug":"politica-privacidad","status":"publish","type":"page","link":"https:\/\/www.vinicuncatravel.com\/en\/politica-privacidad\/","title":{"rendered":"Privacy Policy"},"content":{"rendered":"<style>.kb-row-layout-id3_f03dd8-b1 > .kt-row-column-wrap{align-content:start;}:where(.kb-row-layout-id3_f03dd8-b1 > .kt-row-column-wrap) > .wp-block-kadence-column{justify-content:start;}.kb-row-layout-id3_f03dd8-b1 > .kt-row-column-wrap{column-gap:var(--global-kb-gap-md, 2rem);row-gap:var(--global-kb-gap-md, 2rem);max-width:2000px;margin-left:auto;margin-right:auto;padding-top:42px;padding-right:0px;padding-bottom:45px;padding-left:0px;grid-template-columns:minmax(0, 1fr);}.kb-row-layout-id3_f03dd8-b1 > .kt-row-layout-overlay{opacity:0.70;background-image:url('https:\/\/vinicuncatravel.com\/wp-content\/uploads\/2021\/04\/bg-0-1.png');background-size:cover;background-position:center center;background-attachment:fixed;background-repeat:no-repeat;}@media all and (max-width: 1024px), only screen and (min-device-width: 1024px) and (max-device-width: 1366px) and (-webkit-min-device-pixel-ratio: 2) and (hover: none){.kb-row-layout-id3_f03dd8-b1 > .kt-row-layout-overlay{background-attachment:scroll;}}@media all and (max-width: 1024px){.kb-row-layout-id3_f03dd8-b1 > .kt-row-column-wrap{padding-top:140px;padding-right:0px;padding-bottom:80px;padding-left:0px;grid-template-columns:minmax(0, 1fr);}}@media all and (max-width: 767px){.kb-row-layout-id3_f03dd8-b1 > .kt-row-column-wrap{padding-top:120px;padding-right:20px;padding-bottom:50px;padding-left:20px;grid-template-columns:minmax(0, 1fr);}}<\/style><div class=\"kb-row-layout-wrap kb-row-layout-id3_f03dd8-b1 alignwide has-theme-palette8-background-color kt-row-has-bg wp-block-kadence-rowlayout\"><div class=\"kt-row-layout-overlay kt-row-overlay-normal\"><\/div><div class=\"kt-row-column-wrap kt-has-1-columns kt-row-layout-equal kt-tab-layout-inherit kt-mobile-layout-row kt-row-valign-top\">\n<style>.kadence-column3_3753ee-52 > .kt-inside-inner-col{padding-top:10px;padding-right:10px;padding-bottom:10px;padding-left:10px;}.kadence-column3_3753ee-52 > .kt-inside-inner-col,.kadence-column3_3753ee-52 > .kt-inside-inner-col:before{border-top-left-radius:0px;border-top-right-radius:0px;border-bottom-right-radius:0px;border-bottom-left-radius:0px;}.kadence-column3_3753ee-52 > .kt-inside-inner-col{column-gap:var(--global-kb-gap-sm, 1rem);}.kadence-column3_3753ee-52 > .kt-inside-inner-col{flex-direction:column;}.kadence-column3_3753ee-52 > .kt-inside-inner-col > .aligncenter{width:100%;}.kadence-column3_3753ee-52 > .kt-inside-inner-col:before{opacity:0.3;}.kadence-column3_3753ee-52{position:relative;}@media all and (max-width: 1024px){.kadence-column3_3753ee-52 > .kt-inside-inner-col{flex-direction:column;justify-content:center;}}@media all and (max-width: 767px){.kadence-column3_3753ee-52 > .kt-inside-inner-col{flex-direction:column;justify-content:center;}}<\/style>\n<div class=\"wp-block-kadence-column kadence-column3_3753ee-52 inner-column-1\"><div class=\"kt-inside-inner-col\"><style>.wp-block-kadence-advancedheading.kt-adv-heading3_057d05-ee, .wp-block-kadence-advancedheading.kt-adv-heading3_057d05-ee[data-kb-block=\"kb-adv-heading3_057d05-ee\"]{margin-bottom:22.5px;text-align:center;line-height:1em;font-style:normal;}.wp-block-kadence-advancedheading.kt-adv-heading3_057d05-ee mark.kt-highlight, .wp-block-kadence-advancedheading.kt-adv-heading3_057d05-ee[data-kb-block=\"kb-adv-heading3_057d05-ee\"] mark.kt-highlight{font-style:normal;color:#f76a0c;-webkit-box-decoration-break:clone;box-decoration-break:clone;padding-top:0px;padding-right:0px;padding-bottom:0px;padding-left:0px;}.wp-block-kadence-advancedheading.kt-adv-heading3_057d05-ee img.kb-inline-image, .wp-block-kadence-advancedheading.kt-adv-heading3_057d05-ee[data-kb-block=\"kb-adv-heading3_057d05-ee\"] img.kb-inline-image{width:150px;vertical-align:baseline;}@media all and (max-width: 1024px){.wp-block-kadence-advancedheading.kt-adv-heading3_057d05-ee, .wp-block-kadence-advancedheading.kt-adv-heading3_057d05-ee[data-kb-block=\"kb-adv-heading3_057d05-ee\"]{margin-bottom:17.5px;}}<\/style>\n<h1 class=\"kt-adv-heading3_057d05-ee wp-block-kadence-advancedheading\" data-kb-block=\"kb-adv-heading3_057d05-ee\">pol\u00edtica de privacidad<\/h1>\n\n\n<style>.wp-block-kadence-advancedheading.kt-adv-heading3_2acb0e-4d, .wp-block-kadence-advancedheading.kt-adv-heading3_2acb0e-4d[data-kb-block=\"kb-adv-heading3_2acb0e-4d\"]{text-align:center;font-style:normal;}.wp-block-kadence-advancedheading.kt-adv-heading3_2acb0e-4d mark.kt-highlight, .wp-block-kadence-advancedheading.kt-adv-heading3_2acb0e-4d[data-kb-block=\"kb-adv-heading3_2acb0e-4d\"] mark.kt-highlight{font-style:normal;color:#f76a0c;-webkit-box-decoration-break:clone;box-decoration-break:clone;padding-top:0px;padding-right:0px;padding-bottom:0px;padding-left:0px;}.wp-block-kadence-advancedheading.kt-adv-heading3_2acb0e-4d img.kb-inline-image, .wp-block-kadence-advancedheading.kt-adv-heading3_2acb0e-4d[data-kb-block=\"kb-adv-heading3_2acb0e-4d\"] img.kb-inline-image{width:150px;vertical-align:baseline;}<\/style>\n<p class=\"kt-adv-heading3_2acb0e-4d wp-block-kadence-advancedheading\" data-kb-block=\"kb-adv-heading3_2acb0e-4d\">Estamos aqu\u00ed para ayudarte a crear experiencias de viaje \u00fanicas y establecer colaboraciones duraderas.<\/p>\n<\/div><\/div>\n\n\n<style>.kadence-column3_d67e9f-e3 > .kt-inside-inner-col,.kadence-column3_d67e9f-e3 > .kt-inside-inner-col:before{border-top-left-radius:0px;border-top-right-radius:0px;border-bottom-right-radius:0px;border-bottom-left-radius:0px;}.kadence-column3_d67e9f-e3 > .kt-inside-inner-col{column-gap:var(--global-kb-gap-sm, 1rem);}.kadence-column3_d67e9f-e3 > .kt-inside-inner-col{flex-direction:column;}.kadence-column3_d67e9f-e3 > .kt-inside-inner-col > .aligncenter{width:100%;}.kadence-column3_d67e9f-e3 > .kt-inside-inner-col:before{opacity:0.3;}.kadence-column3_d67e9f-e3{position:relative;}@media all and (max-width: 1024px){.kadence-column3_d67e9f-e3 > .kt-inside-inner-col{flex-direction:column;justify-content:center;}}@media all and (max-width: 767px){.kadence-column3_d67e9f-e3 > .kt-inside-inner-col{flex-direction:column;justify-content:center;}}<\/style>\n<div class=\"wp-block-kadence-column kadence-column3_d67e9f-e3\"><div class=\"kt-inside-inner-col\"><\/div><\/div>\n\n<\/div><\/div>\n\n<style>.kb-row-layout-id3_d2b293-ca > .kt-row-column-wrap{align-content:start;}:where(.kb-row-layout-id3_d2b293-ca > .kt-row-column-wrap) > .wp-block-kadence-column{justify-content:start;}.kb-row-layout-id3_d2b293-ca > .kt-row-column-wrap{column-gap:var(--global-kb-gap-md, 2rem);row-gap:var(--global-kb-gap-md, 2rem);padding-top:var(--global-kb-spacing-sm, 1.5rem);padding-bottom:var(--global-kb-spacing-sm, 1.5rem);grid-template-columns:minmax(0, 1fr);}.kb-row-layout-id3_d2b293-ca > .kt-row-layout-overlay{opacity:0.30;}@media all and (max-width: 1024px){.kb-row-layout-id3_d2b293-ca > .kt-row-column-wrap{grid-template-columns:minmax(0, 1fr);}}@media all and (max-width: 767px){.kb-row-layout-id3_d2b293-ca > .kt-row-column-wrap{grid-template-columns:minmax(0, 1fr);}}<\/style><div class=\"kb-row-layout-wrap kb-row-layout-id3_d2b293-ca alignnone wp-block-kadence-rowlayout\"><div class=\"kt-row-column-wrap kt-has-1-columns kt-row-layout-equal kt-tab-layout-inherit kt-mobile-layout-row kt-row-valign-top\">\n<style>.kadence-column3_b59433-dd > .kt-inside-inner-col,.kadence-column3_b59433-dd > .kt-inside-inner-col:before{border-top-left-radius:0px;border-top-right-radius:0px;border-bottom-right-radius:0px;border-bottom-left-radius:0px;}.kadence-column3_b59433-dd > .kt-inside-inner-col{column-gap:var(--global-kb-gap-sm, 1rem);}.kadence-column3_b59433-dd > .kt-inside-inner-col{flex-direction:column;}.kadence-column3_b59433-dd > .kt-inside-inner-col > .aligncenter{width:100%;}.kadence-column3_b59433-dd > .kt-inside-inner-col:before{opacity:0.3;}.kadence-column3_b59433-dd{position:relative;}@media all and (max-width: 1024px){.kadence-column3_b59433-dd > .kt-inside-inner-col{flex-direction:column;justify-content:center;}}@media all and (max-width: 767px){.kadence-column3_b59433-dd > .kt-inside-inner-col{flex-direction:column;justify-content:center;}}<\/style>\n<div class=\"wp-block-kadence-column kadence-column3_b59433-dd\"><div class=\"kt-inside-inner-col\"><\/div><\/div>\n\n<\/div><\/div>\n\n\n<p class=\"has-text-align-left\" style=\"border-style:none;border-width:0px;border-top-left-radius:0px;border-top-right-radius:0px;border-bottom-left-radius:0px;border-bottom-right-radius:0px;margin-top:0;margin-right:var(--wp--preset--spacing--80);margin-bottom:0;margin-left:var(--wp--preset--spacing--80);font-size:16px\">En <strong>Vinicunca Travel<\/strong>, valoramos la privacidad de nuestros visitantes y nos comprometemos a proteger la informaci\u00f3n personal<br>que se recopila a trav\u00e9s de nuestro sitio web. Esta Pol\u00edtica de Privacidad explica c\u00f3mo recopilamos, utilizamos y protegemos<br>los datos que usted nos proporciona al navegar o utilizar nuestros servicios en l\u00ednea.<br><br>Al utilizar nuestro sitio web, usted acepta las pr\u00e1cticas descritas en esta pol\u00edtica. Le recomendamos revisar esta p\u00e1gina peri\u00f3dicamente,<br>ya que su contenido puede actualizarse con el tiempo para adaptarse a mejoras en nuestros servicios o cambios en la normativa aplicable.<\/p>\n\n\n\n<h2 class=\"wp-block-heading\" style=\"margin-right:var(--wp--preset--spacing--80);margin-left:var(--wp--preset--spacing--80);font-size:16px\">1.Informaci\u00f3n que recopilamos<\/h2>\n\n\n\n<p style=\"margin-right:var(--wp--preset--spacing--80);margin-left:var(--wp--preset--spacing--80);font-size:16px\">Nuestro sitio web puede solicitar ciertos datos personales necesarios para ofrecer nuestros servicios<br>de manera eficiente. Entre la informaci\u00f3n que podr\u00edamos recopilar se encuentran:<br><br>Nombre Completo<br>Direcci\u00f3n de correo electr\u00f3nico<br>Informaci\u00f3n de contacto<br>Datos demogr\u00e1ficos b\u00e1sicos<br><br>En algunos casos, tambi\u00e9n podremos solicitar informaci\u00f3n adicional necesaria para <strong>gestionar reservas, procesar pagos o emitir comprobantes de servicio<\/strong>.<\/p>\n\n\n\n<h2 class=\"wp-block-heading has-small-font-size\" style=\"margin-right:var(--wp--preset--spacing--80);margin-left:var(--wp--preset--spacing--80)\">2.Uso de la informaci\u00f3n<\/h2>\n\n\n\n<p style=\"margin-right:var(--wp--preset--spacing--80);margin-left:var(--wp--preset--spacing--80);font-size:16px\">La informaci\u00f3n proporcionada por los usuarios se utiliza con el objetivo de mejorar la experiencia dentro de nuestro sitio web y ofrecer un servicio eficiente. Entre los principales usos se encuentran:<\/p>\n\n\n\n<ul style=\"margin-right:var(--wp--preset--spacing--80);margin-left:var(--wp--preset--spacing--80);font-size:16px\" class=\"wp-block-list\">\n<li>Gestionar reservas y solicitudes realizadas por los usuarios<\/li>\n\n\n\n<li>Mantener un registro de clientes y servicios contratados<\/li>\n\n\n\n<li>Mejorar continuamente nuestros servicios tur\u00edsticos<\/li>\n\n\n\n<li>Enviar informaci\u00f3n relevante sobre ofertas, promociones o novedades relacionadas con nuestros tours<\/li>\n<\/ul>\n\n\n\n<p style=\"margin-right:var(--wp--preset--spacing--80);margin-left:var(--wp--preset--spacing--80);font-size:16px\">Los usuarios pueden optar por <strong>dejar de recibir comunicaciones promocionales<\/strong> en cualquier momento.<\/p>\n\n\n\n<p style=\"margin-right:var(--wp--preset--spacing--80);margin-left:var(--wp--preset--spacing--80);font-size:16px\"><strong>3.Seguridad de la informaci\u00f3n<\/strong><\/p>\n\n\n\n<p style=\"margin-right:var(--wp--preset--spacing--80);margin-left:var(--wp--preset--spacing--80);font-size:16px\">En Vinicunca Travel tomamos muy en serio la protecci\u00f3n de los datos personales. Por ello, aplicamos medidas t\u00e9cnicas y sistemas de seguridad actualizados para evitar accesos no autorizados, p\u00e9rdidas o usos indebidos de la informaci\u00f3n.<\/p>\n\n\n\n<h2 class=\"wp-block-heading\" style=\"margin-right:var(--wp--preset--spacing--80);margin-left:var(--wp--preset--spacing--80);font-size:16px\">4.Uso de cookies<\/h2>\n\n\n\n<p style=\"margin-right:var(--wp--preset--spacing--80);margin-left:var(--wp--preset--spacing--80);font-size:16px\">Actualmente, nuestro sitio web <strong>no utiliza cookies para recopilar informaci\u00f3n personal de los usuarios<\/strong>.<\/p>\n\n\n\n<p style=\"margin-right:var(--wp--preset--spacing--80);margin-left:var(--wp--preset--spacing--80);font-size:16px\"><strong>5.Enlaces a sitios externos<\/strong><\/p>\n\n\n\n<p style=\"margin-right:var(--wp--preset--spacing--80);margin-left:var(--wp--preset--spacing--80);font-size:16px\">En algunas secciones de nuestro sitio pueden aparecer enlaces que dirigen a p\u00e1ginas web externas. Una vez que abandone nuestro sitio, no tenemos control sobre las pol\u00edticas de privacidad ni sobre el manejo de la informaci\u00f3n en dichas p\u00e1ginas. Por ello, recomendamos revisar las pol\u00edticas de privacidad de cada sitio que visite.<\/p>\n\n\n\n<p style=\"margin-right:var(--wp--preset--spacing--80);margin-left:var(--wp--preset--spacing--80);font-size:16px\"><strong>6.Control de su informaci\u00f3n personal<\/strong><\/p>\n\n\n\n<p style=\"padding-right:var(--wp--preset--spacing--70);padding-left:var(--wp--preset--spacing--70);font-size:16px\">Vinicunca Travel <strong>no vende, alquila ni comparte informaci\u00f3n personal con terceros<\/strong> sin el consentimiento del usuario, salvo en casos donde la ley lo requiera o exista una orden judicial.<\/p>\n\n\n\n<p style=\"padding-right:var(--wp--preset--spacing--70);padding-left:var(--wp--preset--spacing--70);font-size:16px\"><strong>7.Cambios en la pol\u00edtica de privacidad<\/strong><\/p>\n\n\n\n<p style=\"margin-right:var(--wp--preset--spacing--80);margin-left:var(--wp--preset--spacing--80);font-size:16px\">Nos reservamos el derecho de modificar o actualizar esta Pol\u00edtica de Privacidad en cualquier momento. Cualquier cambio ser\u00e1 publicado en esta misma p\u00e1gina para mantener informados a nuestros usuarios.<\/p>\n","protected":false},"excerpt":{"rendered":"<p>pol\u00edtica de privacidad Estamos aqu\u00ed para ayudarte a crear experiencias de viaje \u00fanicas y establecer colaboraciones duraderas. En Vinicunca Travel, valoramos la privacidad de nuestros visitantes y nos comprometemos a proteger la informaci\u00f3n personalque se recopila a trav\u00e9s de nuestro sitio web. Esta Pol\u00edtica de Privacidad explica c\u00f3mo recopilamos, utilizamos y protegemoslos datos que usted&#8230;<\/p>","protected":false},"author":1,"featured_media":0,"parent":0,"menu_order":0,"comment_status":"closed","ping_status":"open","template":"","meta":{"_kadence_starter_templates_imported_post":false,"_kad_post_transparent":"","_kad_post_title":"","_kad_post_layout":"","_kad_post_sidebar_id":"","_kad_post_content_style":"","_kad_post_vertical_padding":"","_kad_post_feature":"","_kad_post_feature_position":"","_kad_post_header":false,"_kad_post_footer":false,"_kad_post_classname":"","footnotes":""},"class_list":["post-3","page","type-page","status-publish","hentry"],"yoast_head":"<!-- This site is optimized with the Yoast SEO plugin v27.3 - https:\/\/yoast.com\/product\/yoast-seo-wordpress\/ -->\n<title>Pol\u00edtica de privacidad -<\/title>\n<meta name=\"robots\" content=\"index, follow, max-snippet:-1, max-image-preview:large, max-video-preview:-1\" \/>\n<link rel=\"canonical\" href=\"https:\/\/www.vinicuncatravel.com\/en\/politica-privacidad\/\" \/>\n<meta property=\"og:locale\" content=\"en_US\" \/>\n<meta property=\"og:type\" content=\"article\" \/>\n<meta property=\"og:title\" content=\"Pol\u00edtica de privacidad -\" \/>\n<meta property=\"og:description\" content=\"pol\u00edtica de privacidad Estamos aqu\u00ed para ayudarte a crear experiencias de viaje \u00fanicas y establecer colaboraciones duraderas. En Vinicunca Travel, valoramos la privacidad de nuestros visitantes y nos comprometemos a proteger la informaci\u00f3n personalque se recopila a trav\u00e9s de nuestro sitio web. Esta Pol\u00edtica de Privacidad explica c\u00f3mo recopilamos, utilizamos y protegemoslos datos que usted...\" \/>\n<meta property=\"og:url\" content=\"https:\/\/www.vinicuncatravel.com\/en\/politica-privacidad\/\" \/>\n<meta property=\"og:site_name\" content=\"Vinicunca Travel | Operador Tur\u00edstico en Cusco\" \/>\n<meta property=\"article:publisher\" content=\"https:\/\/www.facebook.com\/profile.php?id=61577388384448\" \/>\n<meta property=\"article:modified_time\" content=\"2026-03-14T18:07:41+00:00\" \/>\n<meta property=\"og:image\" content=\"https:\/\/www.vinicuncatravel.com\/wp-content\/uploads\/2026\/04\/Copia-de-Somos-una-agencia-segura-y-e1775152398603.png\" \/>\n\t<meta property=\"og:image:width\" content=\"940\" \/>\n\t<meta property=\"og:image:height\" content=\"569\" \/>\n\t<meta property=\"og:image:type\" content=\"image\/png\" \/>\n<meta name=\"twitter:card\" content=\"summary_large_image\" \/>\n<meta name=\"twitter:label1\" content=\"Est. reading time\" \/>\n\t<meta name=\"twitter:data1\" content=\"2 minutes\" \/>\n<script type=\"application\/ld+json\" class=\"yoast-schema-graph\">{\"@context\":\"https:\\\/\\\/schema.org\",\"@graph\":[{\"@type\":\"WebPage\",\"@id\":\"https:\\\/\\\/www.vinicuncatravel.com\\\/politica-privacidad\\\/\",\"url\":\"https:\\\/\\\/www.vinicuncatravel.com\\\/politica-privacidad\\\/\",\"name\":\"Pol\u00edtica de privacidad -\",\"isPartOf\":{\"@id\":\"https:\\\/\\\/www.vinicuncatravel.com\\\/#website\"},\"datePublished\":\"2026-02-18T16:34:05+00:00\",\"dateModified\":\"2026-03-14T18:07:41+00:00\",\"breadcrumb\":{\"@id\":\"https:\\\/\\\/www.vinicuncatravel.com\\\/politica-privacidad\\\/#breadcrumb\"},\"inLanguage\":\"en-US\",\"potentialAction\":[{\"@type\":\"ReadAction\",\"target\":[\"https:\\\/\\\/www.vinicuncatravel.com\\\/politica-privacidad\\\/\"]}]},{\"@type\":\"BreadcrumbList\",\"@id\":\"https:\\\/\\\/www.vinicuncatravel.com\\\/politica-privacidad\\\/#breadcrumb\",\"itemListElement\":[{\"@type\":\"ListItem\",\"position\":1,\"name\":\"Portada\",\"item\":\"https:\\\/\\\/www.vinicuncatravel.com\\\/\"},{\"@type\":\"ListItem\",\"position\":2,\"name\":\"Pol\u00edtica de privacidad\"}]},{\"@type\":\"WebSite\",\"@id\":\"https:\\\/\\\/www.vinicuncatravel.com\\\/#website\",\"url\":\"https:\\\/\\\/www.vinicuncatravel.com\\\/\",\"name\":\"Vinicunca Travel | Operador Tur\u00edstico en Cusco\",\"description\":\"\",\"publisher\":{\"@id\":\"https:\\\/\\\/www.vinicuncatravel.com\\\/#organization\"},\"alternateName\":\"Vinicunca Travel\",\"potentialAction\":[{\"@type\":\"SearchAction\",\"target\":{\"@type\":\"EntryPoint\",\"urlTemplate\":\"https:\\\/\\\/www.vinicuncatravel.com\\\/?s={search_term_string}\"},\"query-input\":{\"@type\":\"PropertyValueSpecification\",\"valueRequired\":true,\"valueName\":\"search_term_string\"}}],\"inLanguage\":\"en-US\"},{\"@type\":\"Organization\",\"@id\":\"https:\\\/\\\/www.vinicuncatravel.com\\\/#organization\",\"name\":\"Vinicunca Travel\",\"alternateName\":\"Vinicunca Travel\",\"url\":\"https:\\\/\\\/www.vinicuncatravel.com\\\/\",\"logo\":{\"@type\":\"ImageObject\",\"inLanguage\":\"en-US\",\"@id\":\"https:\\\/\\\/www.vinicuncatravel.com\\\/#\\\/schema\\\/logo\\\/image\\\/\",\"url\":\"https:\\\/\\\/www.vinicuncatravel.com\\\/wp-content\\\/uploads\\\/2026\\\/02\\\/cropped-cropped-Airbrush-IMAGE-ENHANCER-1771433710331-1771433710331-removebg-preview-1-3-1.png\",\"contentUrl\":\"https:\\\/\\\/www.vinicuncatravel.com\\\/wp-content\\\/uploads\\\/2026\\\/02\\\/cropped-cropped-Airbrush-IMAGE-ENHANCER-1771433710331-1771433710331-removebg-preview-1-3-1.png\",\"width\":369,\"height\":94,\"caption\":\"Vinicunca Travel\"},\"image\":{\"@id\":\"https:\\\/\\\/www.vinicuncatravel.com\\\/#\\\/schema\\\/logo\\\/image\\\/\"},\"sameAs\":[\"https:\\\/\\\/www.facebook.com\\\/profile.php?id=61577388384448\",\"https:\\\/\\\/www.instagram.com\\\/vinicunca_expeditions\\\/\",\"https:\\\/\\\/www.tiktok.com\\\/@vinicunca_travel\"]}]}<\/script>\n<!-- \/ Yoast SEO plugin. -->","yoast_head_json":{"title":"Pol\u00edtica de privacidad -","robots":{"index":"index","follow":"follow","max-snippet":"max-snippet:-1","max-image-preview":"max-image-preview:large","max-video-preview":"max-video-preview:-1"},"canonical":"https:\/\/www.vinicuncatravel.com\/en\/politica-privacidad\/","og_locale":"en_US","og_type":"article","og_title":"Pol\u00edtica de privacidad -","og_description":"pol\u00edtica de privacidad Estamos aqu\u00ed para ayudarte a crear experiencias de viaje \u00fanicas y establecer colaboraciones duraderas. En Vinicunca Travel, valoramos la privacidad de nuestros visitantes y nos comprometemos a proteger la informaci\u00f3n personalque se recopila a trav\u00e9s de nuestro sitio web. Esta Pol\u00edtica de Privacidad explica c\u00f3mo recopilamos, utilizamos y protegemoslos datos que usted...","og_url":"https:\/\/www.vinicuncatravel.com\/en\/politica-privacidad\/","og_site_name":"Vinicunca Travel | Operador Tur\u00edstico en Cusco","article_publisher":"https:\/\/www.facebook.com\/profile.php?id=61577388384448","article_modified_time":"2026-03-14T18:07:41+00:00","og_image":[{"width":940,"height":569,"url":"https:\/\/www.vinicuncatravel.com\/wp-content\/uploads\/2026\/04\/Copia-de-Somos-una-agencia-segura-y-e1775152398603.png","type":"image\/png"}],"twitter_card":"summary_large_image","twitter_misc":{"Est. reading time":"2 minutes"},"schema":{"@context":"https:\/\/schema.org","@graph":[{"@type":"WebPage","@id":"https:\/\/www.vinicuncatravel.com\/politica-privacidad\/","url":"https:\/\/www.vinicuncatravel.com\/politica-privacidad\/","name":"Pol\u00edtica de privacidad -","isPartOf":{"@id":"https:\/\/www.vinicuncatravel.com\/#website"},"datePublished":"2026-02-18T16:34:05+00:00","dateModified":"2026-03-14T18:07:41+00:00","breadcrumb":{"@id":"https:\/\/www.vinicuncatravel.com\/politica-privacidad\/#breadcrumb"},"inLanguage":"en-US","potentialAction":[{"@type":"ReadAction","target":["https:\/\/www.vinicuncatravel.com\/politica-privacidad\/"]}]},{"@type":"BreadcrumbList","@id":"https:\/\/www.vinicuncatravel.com\/politica-privacidad\/#breadcrumb","itemListElement":[{"@type":"ListItem","position":1,"name":"Portada","item":"https:\/\/www.vinicuncatravel.com\/"},{"@type":"ListItem","position":2,"name":"Pol\u00edtica de privacidad"}]},{"@type":"WebSite","@id":"https:\/\/www.vinicuncatravel.com\/#website","url":"https:\/\/www.vinicuncatravel.com\/","name":"Vinicunca Travel | Tour Operator in Cusco","description":"","publisher":{"@id":"https:\/\/www.vinicuncatravel.com\/#organization"},"alternateName":"Vinicunca Travel","potentialAction":[{"@type":"SearchAction","target":{"@type":"EntryPoint","urlTemplate":"https:\/\/www.vinicuncatravel.com\/?s={search_term_string}"},"query-input":{"@type":"PropertyValueSpecification","valueRequired":true,"valueName":"search_term_string"}}],"inLanguage":"en-US"},{"@type":"Organization","@id":"https:\/\/www.vinicuncatravel.com\/#organization","name":"Vinicunca Travel","alternateName":"Vinicunca Travel","url":"https:\/\/www.vinicuncatravel.com\/","logo":{"@type":"ImageObject","inLanguage":"en-US","@id":"https:\/\/www.vinicuncatravel.com\/#\/schema\/logo\/image\/","url":"https:\/\/www.vinicuncatravel.com\/wp-content\/uploads\/2026\/02\/cropped-cropped-Airbrush-IMAGE-ENHANCER-1771433710331-1771433710331-removebg-preview-1-3-1.png","contentUrl":"https:\/\/www.vinicuncatravel.com\/wp-content\/uploads\/2026\/02\/cropped-cropped-Airbrush-IMAGE-ENHANCER-1771433710331-1771433710331-removebg-preview-1-3-1.png","width":369,"height":94,"caption":"Vinicunca Travel"},"image":{"@id":"https:\/\/www.vinicuncatravel.com\/#\/schema\/logo\/image\/"},"sameAs":["https:\/\/www.facebook.com\/profile.php?id=61577388384448","https:\/\/www.instagram.com\/vinicunca_expeditions\/","https:\/\/www.tiktok.com\/@vinicunca_travel"]}]}},"_hostinger_reach_plugin_has_subscription_block":false,"_hostinger_reach_plugin_is_elementor":false,"_links":{"self":[{"href":"https:\/\/www.vinicuncatravel.com\/en\/wp-json\/wp\/v2\/pages\/3","targetHints":{"allow":["GET"]}}],"collection":[{"href":"https:\/\/www.vinicuncatravel.com\/en\/wp-json\/wp\/v2\/pages"}],"about":[{"href":"https:\/\/www.vinicuncatravel.com\/en\/wp-json\/wp\/v2\/types\/page"}],"author":[{"embeddable":true,"href":"https:\/\/www.vinicuncatravel.com\/en\/wp-json\/wp\/v2\/users\/1"}],"replies":[{"embeddable":true,"href":"https:\/\/www.vinicuncatravel.com\/en\/wp-json\/wp\/v2\/comments?post=3"}],"version-history":[{"count":16,"href":"https:\/\/www.vinicuncatravel.com\/en\/wp-json\/wp\/v2\/pages\/3\/revisions"}],"predecessor-version":[{"id":2073,"href":"https:\/\/www.vinicuncatravel.com\/en\/wp-json\/wp\/v2\/pages\/3\/revisions\/2073"}],"wp:attachment":[{"href":"https:\/\/www.vinicuncatravel.com\/en\/wp-json\/wp\/v2\/media?parent=3"}],"curies":[{"name":"wp","href":"https:\/\/api.w.org\/{rel}","templated":true}]}}