{"id":1963,"date":"2026-03-18T03:17:33","date_gmt":"2026-03-18T02:17:33","guid":{"rendered":"https:\/\/vinicuncatravel.com\/?page_id=1963"},"modified":"2026-03-22T04:36:22","modified_gmt":"2026-03-22T03:36:22","slug":"machu-picchu-desde-cusco","status":"publish","type":"page","link":"https:\/\/www.vinicuncatravel.com\/en\/machu-picchu-desde-cusco\/","title":{"rendered":"Machu Picchu desde Cusco"},"content":{"rendered":"<div class=\"wp-block-cover alignwide is-light\"><img fetchpriority=\"high\" decoding=\"async\" width=\"1024\" height=\"575\" class=\"wp-block-cover__image-background wp-image-1409 size-large\" alt=\"\" src=\"https:\/\/vinicuncatravel.com\/wp-content\/uploads\/2026\/02\/IMG_2299-1-1024x575.jpg\" data-object-fit=\"cover\" srcset=\"https:\/\/www.vinicuncatravel.com\/wp-content\/uploads\/2026\/02\/IMG_2299-1-1024x575.jpg 1024w, https:\/\/www.vinicuncatravel.com\/wp-content\/uploads\/2026\/02\/IMG_2299-1-300x168.jpg 300w, https:\/\/www.vinicuncatravel.com\/wp-content\/uploads\/2026\/02\/IMG_2299-1-768x431.jpg 768w, https:\/\/www.vinicuncatravel.com\/wp-content\/uploads\/2026\/02\/IMG_2299-1-1536x863.jpg 1536w, https:\/\/www.vinicuncatravel.com\/wp-content\/uploads\/2026\/02\/IMG_2299-1-2048x1150.jpg 2048w\" sizes=\"(max-width: 1024px) 100vw, 1024px\" \/><span aria-hidden=\"true\" class=\"wp-block-cover__background has-background-dim-0 has-background-dim\" style=\"background-color:#afa694\"><\/span><div class=\"wp-block-cover__inner-container is-layout-constrained wp-block-cover-is-layout-constrained\">\n<p class=\"has-text-align-center has-large-font-size\"><\/p>\n<\/div><\/div>\n\n\n\n<p class=\"has-large-font-size\" style=\"margin-right:var(--wp--preset--spacing--70);margin-left:var(--wp--preset--spacing--70)\"><strong>Machu Picchu desde Cusco<\/strong><\/p>\n\n\n<style>.kb-row-layout-id1963_0a8428-54 > .kt-row-column-wrap{align-content:start;}:where(.kb-row-layout-id1963_0a8428-54 > .kt-row-column-wrap) > .wp-block-kadence-column{justify-content:start;}.kb-row-layout-id1963_0a8428-54 > .kt-row-column-wrap{column-gap:var(--global-kb-gap-md, 2rem);row-gap:var(--global-kb-gap-md, 2rem);grid-template-columns:minmax(0, 2fr) minmax(0, 1fr);}.kb-row-layout-id1963_0a8428-54 > .kt-row-layout-overlay{opacity:0.30;}@media all and (max-width: 1024px){.kb-row-layout-id1963_0a8428-54 > .kt-row-column-wrap{grid-template-columns:minmax(0, 2fr) minmax(0, 1fr);}}@media all and (max-width: 767px){.kb-row-layout-id1963_0a8428-54 > .kt-row-column-wrap{grid-template-columns:minmax(0, 1fr);}}<\/style><div class=\"kb-row-layout-wrap kb-row-layout-id1963_0a8428-54 alignnone wp-block-kadence-rowlayout\"><div class=\"kt-row-column-wrap kt-has-2-columns kt-row-layout-left-golden kt-tab-layout-inherit kt-mobile-layout-row kt-row-valign-top\">\n<style>.kadence-column1963_3dabb1-44 > .kt-inside-inner-col,.kadence-column1963_3dabb1-44 > .kt-inside-inner-col:before{border-top-left-radius:0px;border-top-right-radius:0px;border-bottom-right-radius:0px;border-bottom-left-radius:0px;}.kadence-column1963_3dabb1-44 > .kt-inside-inner-col{column-gap:var(--global-kb-gap-sm, 1rem);}.kadence-column1963_3dabb1-44 > .kt-inside-inner-col{flex-direction:column;}.kadence-column1963_3dabb1-44 > .kt-inside-inner-col > .aligncenter{width:100%;}.kadence-column1963_3dabb1-44 > .kt-inside-inner-col:before{opacity:0.3;}.kadence-column1963_3dabb1-44{position:relative;}@media all and (max-width: 1024px){.kadence-column1963_3dabb1-44 > .kt-inside-inner-col{flex-direction:column;justify-content:center;}}@media all and (max-width: 767px){.kadence-column1963_3dabb1-44 > .kt-inside-inner-col{flex-direction:column;justify-content:center;}}<\/style>\n<div class=\"wp-block-kadence-column kadence-column1963_3dabb1-44\"><div class=\"kt-inside-inner-col\">\n<p style=\"margin-right:var(--wp--preset--spacing--70);margin-left:var(--wp--preset--spacing--70);font-size:17px\">Una de las maravillas m\u00e1s impresionantes del mundo y el s\u00edmbolo m\u00e1s ic\u00f3nico del antiguo <strong>Imperio Inca<\/strong>. Construida en el siglo XV entre imponentes monta\u00f1as y rodeada de exuberante naturaleza andina, esta ciudadela combina una arquitectura extraordinaria, terrazas agr\u00edcolas y templos sagrados que reflejan la incre\u00edble ingenier\u00eda de los incas.<\/p>\n\n\n\n<p style=\"margin-right:var(--wp--preset--spacing--70);margin-left:var(--wp--preset--spacing--70);font-size:17px\">Hoy en d\u00eda, Machu Picchu es uno de los destinos m\u00e1s visitados del planeta y una experiencia \u00fanica para quienes desean descubrir la historia, la cultura y la magia de los Andes peruanos.<\/p>\n\n\n\n<p style=\"margin-right:var(--wp--preset--spacing--70);margin-left:var(--wp--preset--spacing--70);font-size:17px\">Aunque nunca estuvo realmente \u201cperdida\u201d para las comunidades locales, Machu Picchu<br>fue dada a conocer al mundo en 1911 por el explorador Hiram Bingham. Desde ese momento,<br>el sitio comenz\u00f3 a ganar reconocimiento internacional hasta convertirse en una de las 7 maravillas<br>del mundo moderno y en un \u00edcono del Per\u00fa.<\/p>\n<\/div><\/div>\n\n\n<style>.kadence-column1963_679aef-fb > .kt-inside-inner-col,.kadence-column1963_679aef-fb > .kt-inside-inner-col:before{border-top-left-radius:0px;border-top-right-radius:0px;border-bottom-right-radius:0px;border-bottom-left-radius:0px;}.kadence-column1963_679aef-fb > .kt-inside-inner-col{column-gap:var(--global-kb-gap-sm, 1rem);}.kadence-column1963_679aef-fb > .kt-inside-inner-col{flex-direction:column;}.kadence-column1963_679aef-fb > .kt-inside-inner-col > .aligncenter{width:100%;}.kadence-column1963_679aef-fb > .kt-inside-inner-col:before{opacity:0.3;}.kadence-column1963_679aef-fb{position:relative;}@media all and (max-width: 1024px){.kadence-column1963_679aef-fb > .kt-inside-inner-col{flex-direction:column;justify-content:center;}}@media all and (max-width: 767px){.kadence-column1963_679aef-fb > .kt-inside-inner-col{flex-direction:column;justify-content:center;}}<\/style>\n<div class=\"wp-block-kadence-column kadence-column1963_679aef-fb\"><div class=\"kt-inside-inner-col\">\n<figure class=\"wp-block-image size-large is-resized\"><img decoding=\"async\" width=\"575\" height=\"1024\" src=\"https:\/\/vinicuncatravel.com\/wp-content\/uploads\/2026\/03\/IMG_2305-575x1024.jpg\" alt=\"\" class=\"wp-image-2191\" style=\"aspect-ratio:0.5615224614387206;width:257px;height:auto\" srcset=\"https:\/\/www.vinicuncatravel.com\/wp-content\/uploads\/2026\/03\/IMG_2305-575x1024.jpg 575w, https:\/\/www.vinicuncatravel.com\/wp-content\/uploads\/2026\/03\/IMG_2305-168x300.jpg 168w, https:\/\/www.vinicuncatravel.com\/wp-content\/uploads\/2026\/03\/IMG_2305-768x1368.jpg 768w, https:\/\/www.vinicuncatravel.com\/wp-content\/uploads\/2026\/03\/IMG_2305-863x1536.jpg 863w, https:\/\/www.vinicuncatravel.com\/wp-content\/uploads\/2026\/03\/IMG_2305-1150x2048.jpg 1150w, https:\/\/www.vinicuncatravel.com\/wp-content\/uploads\/2026\/03\/IMG_2305-500x890.jpg 500w, https:\/\/www.vinicuncatravel.com\/wp-content\/uploads\/2026\/03\/IMG_2305-800x1425.jpg 800w, https:\/\/www.vinicuncatravel.com\/wp-content\/uploads\/2026\/03\/IMG_2305-1280x2279.jpg 1280w, https:\/\/www.vinicuncatravel.com\/wp-content\/uploads\/2026\/03\/IMG_2305-1920x3419.jpg 1920w, https:\/\/www.vinicuncatravel.com\/wp-content\/uploads\/2026\/03\/IMG_2305-scaled.jpg 1438w\" sizes=\"(max-width: 575px) 100vw, 575px\" \/><\/figure>\n<\/div><\/div>\n\n<\/div><\/div>\n\n\n<h6 class=\"wp-block-heading\" style=\"margin-right:var(--wp--preset--spacing--70);margin-left:var(--wp--preset--spacing--70)\">\ud83d\ude82 La conexi\u00f3n con Cusco<\/h6>\n\n\n\n<p style=\"margin-right:var(--wp--preset--spacing--70);margin-left:var(--wp--preset--spacing--70);font-size:17px\">La importancia de Machu Picchu ha convertido a Cusco en la principal puerta de entrada para miles<br>de turistas cada a\u00f1o. La mayor\u00eda de viajeros inicia su recorrido en Cusco, desde donde parten diferentes<br>rutas hacia la ciudadela. El viaje hacia Machu Picchu no es solo un traslado, sino una experiencia completa.<br>Se puede llegar en tren atravesando paisajes espectaculares del Valle Sagrado, o mediante caminatas como<br>el famoso Camino Inca, que permite vivir una conexi\u00f3n m\u00e1s profunda con la naturaleza y la historia.<\/p>\n\n\n\n<h6 class=\"wp-block-heading has-medium-font-size\" style=\"margin-right:var(--wp--preset--spacing--70);margin-left:var(--wp--preset--spacing--70)\">\ud83c\udf04 Impacto en el turismo y la econom\u00eda<\/h6>\n\n\n\n<p style=\"margin-right:var(--wp--preset--spacing--70);margin-left:var(--wp--preset--spacing--70);font-size:17px\">Gracias a Machu Picchu, Cusco se ha convertido en uno de los destinos tur\u00edsticos m\u00e1s importantes de<br>Am\u00e9rica Latina. Esto ha impulsado el desarrollo de hoteles, restaurantes, agencias de viajes y servicios<br>tur\u00edsticos en toda la regi\u00f3n.<\/p>\n\n\n\n<p style=\"margin-right:var(--wp--preset--spacing--70);margin-left:var(--wp--preset--spacing--70);font-size:17px\">Adem\u00e1s, ha generado oportunidades para las comunidades locales, que participan activamente en el turismo<br>mediante la venta de artesan\u00edas, servicios de gu\u00eda y experiencias culturales.<\/p>","protected":false},"excerpt":{"rendered":"<p>Machu Picchu desde Cusco Una de las maravillas m\u00e1s impresionantes del mundo y el s\u00edmbolo m\u00e1s ic\u00f3nico del antiguo Imperio Inca. Construida en el siglo XV entre imponentes monta\u00f1as y rodeada de exuberante naturaleza andina, esta ciudadela combina una arquitectura extraordinaria, terrazas agr\u00edcolas y templos sagrados que reflejan la incre\u00edble ingenier\u00eda de los incas. Hoy&#8230;<\/p>","protected":false},"author":1,"featured_media":0,"parent":0,"menu_order":0,"comment_status":"closed","ping_status":"closed","template":"","meta":{"_kadence_starter_templates_imported_post":false,"_kad_post_transparent":"","_kad_post_title":"","_kad_post_layout":"","_kad_post_sidebar_id":"","_kad_post_content_style":"","_kad_post_vertical_padding":"","_kad_post_feature":"","_kad_post_feature_position":"","_kad_post_header":false,"_kad_post_footer":false,"_kad_post_classname":"","footnotes":""},"class_list":["post-1963","page","type-page","status-publish","hentry"],"yoast_head":"<!-- This site is optimized with the Yoast SEO plugin v27.3 - https:\/\/yoast.com\/product\/yoast-seo-wordpress\/ -->\n<title>Machu Picchu desde Cusco -<\/title>\n<meta name=\"robots\" content=\"index, follow, max-snippet:-1, max-image-preview:large, max-video-preview:-1\" \/>\n<link rel=\"canonical\" href=\"https:\/\/www.vinicuncatravel.com\/en\/machu-picchu-desde-cusco\/\" \/>\n<meta property=\"og:locale\" content=\"en_US\" \/>\n<meta property=\"og:type\" content=\"article\" \/>\n<meta property=\"og:title\" content=\"Machu Picchu desde Cusco -\" \/>\n<meta property=\"og:description\" content=\"Machu Picchu desde Cusco Una de las maravillas m\u00e1s impresionantes del mundo y el s\u00edmbolo m\u00e1s ic\u00f3nico del antiguo Imperio Inca. Construida en el siglo XV entre imponentes monta\u00f1as y rodeada de exuberante naturaleza andina, esta ciudadela combina una arquitectura extraordinaria, terrazas agr\u00edcolas y templos sagrados que reflejan la incre\u00edble ingenier\u00eda de los incas. Hoy...\" \/>\n<meta property=\"og:url\" content=\"https:\/\/www.vinicuncatravel.com\/en\/machu-picchu-desde-cusco\/\" \/>\n<meta property=\"og:site_name\" content=\"Vinicunca Travel | Operador Tur\u00edstico en Cusco\" \/>\n<meta property=\"article:publisher\" content=\"https:\/\/www.facebook.com\/profile.php?id=61577388384448\" \/>\n<meta property=\"article:modified_time\" content=\"2026-03-22T03:36:22+00:00\" \/>\n<meta property=\"og:image\" content=\"https:\/\/vinicuncatravel.com\/wp-content\/uploads\/2026\/02\/IMG_2299-1-1024x575.jpg\" \/>\n<meta name=\"twitter:card\" content=\"summary_large_image\" \/>\n<meta name=\"twitter:label1\" content=\"Est. reading time\" \/>\n\t<meta name=\"twitter:data1\" content=\"2 minutes\" \/>\n<script type=\"application\/ld+json\" class=\"yoast-schema-graph\">{\"@context\":\"https:\\\/\\\/schema.org\",\"@graph\":[{\"@type\":\"WebPage\",\"@id\":\"https:\\\/\\\/www.vinicuncatravel.com\\\/machu-picchu-desde-cusco\\\/\",\"url\":\"https:\\\/\\\/www.vinicuncatravel.com\\\/machu-picchu-desde-cusco\\\/\",\"name\":\"Machu Picchu desde Cusco -\",\"isPartOf\":{\"@id\":\"https:\\\/\\\/www.vinicuncatravel.com\\\/#website\"},\"primaryImageOfPage\":{\"@id\":\"https:\\\/\\\/www.vinicuncatravel.com\\\/machu-picchu-desde-cusco\\\/#primaryimage\"},\"image\":{\"@id\":\"https:\\\/\\\/www.vinicuncatravel.com\\\/machu-picchu-desde-cusco\\\/#primaryimage\"},\"thumbnailUrl\":\"https:\\\/\\\/vinicuncatravel.com\\\/wp-content\\\/uploads\\\/2026\\\/02\\\/IMG_2299-1-1024x575.jpg\",\"datePublished\":\"2026-03-18T02:17:33+00:00\",\"dateModified\":\"2026-03-22T03:36:22+00:00\",\"breadcrumb\":{\"@id\":\"https:\\\/\\\/www.vinicuncatravel.com\\\/machu-picchu-desde-cusco\\\/#breadcrumb\"},\"inLanguage\":\"en-US\",\"potentialAction\":[{\"@type\":\"ReadAction\",\"target\":[\"https:\\\/\\\/www.vinicuncatravel.com\\\/machu-picchu-desde-cusco\\\/\"]}]},{\"@type\":\"ImageObject\",\"inLanguage\":\"en-US\",\"@id\":\"https:\\\/\\\/www.vinicuncatravel.com\\\/machu-picchu-desde-cusco\\\/#primaryimage\",\"url\":\"https:\\\/\\\/vinicuncatravel.com\\\/wp-content\\\/uploads\\\/2026\\\/02\\\/IMG_2299-1-1024x575.jpg\",\"contentUrl\":\"https:\\\/\\\/vinicuncatravel.com\\\/wp-content\\\/uploads\\\/2026\\\/02\\\/IMG_2299-1-1024x575.jpg\"},{\"@type\":\"BreadcrumbList\",\"@id\":\"https:\\\/\\\/www.vinicuncatravel.com\\\/machu-picchu-desde-cusco\\\/#breadcrumb\",\"itemListElement\":[{\"@type\":\"ListItem\",\"position\":1,\"name\":\"Portada\",\"item\":\"https:\\\/\\\/www.vinicuncatravel.com\\\/\"},{\"@type\":\"ListItem\",\"position\":2,\"name\":\"Machu Picchu desde Cusco\"}]},{\"@type\":\"WebSite\",\"@id\":\"https:\\\/\\\/www.vinicuncatravel.com\\\/#website\",\"url\":\"https:\\\/\\\/www.vinicuncatravel.com\\\/\",\"name\":\"Vinicunca Travel | Operador Tur\u00edstico en Cusco\",\"description\":\"\",\"publisher\":{\"@id\":\"https:\\\/\\\/www.vinicuncatravel.com\\\/#organization\"},\"alternateName\":\"Vinicunca Travel\",\"potentialAction\":[{\"@type\":\"SearchAction\",\"target\":{\"@type\":\"EntryPoint\",\"urlTemplate\":\"https:\\\/\\\/www.vinicuncatravel.com\\\/?s={search_term_string}\"},\"query-input\":{\"@type\":\"PropertyValueSpecification\",\"valueRequired\":true,\"valueName\":\"search_term_string\"}}],\"inLanguage\":\"en-US\"},{\"@type\":\"Organization\",\"@id\":\"https:\\\/\\\/www.vinicuncatravel.com\\\/#organization\",\"name\":\"Vinicunca Travel\",\"alternateName\":\"Vinicunca Travel\",\"url\":\"https:\\\/\\\/www.vinicuncatravel.com\\\/\",\"logo\":{\"@type\":\"ImageObject\",\"inLanguage\":\"en-US\",\"@id\":\"https:\\\/\\\/www.vinicuncatravel.com\\\/#\\\/schema\\\/logo\\\/image\\\/\",\"url\":\"https:\\\/\\\/www.vinicuncatravel.com\\\/wp-content\\\/uploads\\\/2026\\\/02\\\/cropped-cropped-Airbrush-IMAGE-ENHANCER-1771433710331-1771433710331-removebg-preview-1-3-1.png\",\"contentUrl\":\"https:\\\/\\\/www.vinicuncatravel.com\\\/wp-content\\\/uploads\\\/2026\\\/02\\\/cropped-cropped-Airbrush-IMAGE-ENHANCER-1771433710331-1771433710331-removebg-preview-1-3-1.png\",\"width\":369,\"height\":94,\"caption\":\"Vinicunca Travel\"},\"image\":{\"@id\":\"https:\\\/\\\/www.vinicuncatravel.com\\\/#\\\/schema\\\/logo\\\/image\\\/\"},\"sameAs\":[\"https:\\\/\\\/www.facebook.com\\\/profile.php?id=61577388384448\",\"https:\\\/\\\/www.instagram.com\\\/vinicunca_expeditions\\\/\",\"https:\\\/\\\/www.tiktok.com\\\/@vinicunca_travel\"]}]}<\/script>\n<!-- \/ Yoast SEO plugin. -->","yoast_head_json":{"title":"Machu Picchu desde Cusco -","robots":{"index":"index","follow":"follow","max-snippet":"max-snippet:-1","max-image-preview":"max-image-preview:large","max-video-preview":"max-video-preview:-1"},"canonical":"https:\/\/www.vinicuncatravel.com\/en\/machu-picchu-desde-cusco\/","og_locale":"en_US","og_type":"article","og_title":"Machu Picchu desde Cusco -","og_description":"Machu Picchu desde Cusco Una de las maravillas m\u00e1s impresionantes del mundo y el s\u00edmbolo m\u00e1s ic\u00f3nico del antiguo Imperio Inca. Construida en el siglo XV entre imponentes monta\u00f1as y rodeada de exuberante naturaleza andina, esta ciudadela combina una arquitectura extraordinaria, terrazas agr\u00edcolas y templos sagrados que reflejan la incre\u00edble ingenier\u00eda de los incas. Hoy...","og_url":"https:\/\/www.vinicuncatravel.com\/en\/machu-picchu-desde-cusco\/","og_site_name":"Vinicunca Travel | Operador Tur\u00edstico en Cusco","article_publisher":"https:\/\/www.facebook.com\/profile.php?id=61577388384448","article_modified_time":"2026-03-22T03:36:22+00:00","og_image":[{"url":"https:\/\/vinicuncatravel.com\/wp-content\/uploads\/2026\/02\/IMG_2299-1-1024x575.jpg","type":"","width":"","height":""}],"twitter_card":"summary_large_image","twitter_misc":{"Est. reading time":"2 minutes"},"schema":{"@context":"https:\/\/schema.org","@graph":[{"@type":"WebPage","@id":"https:\/\/www.vinicuncatravel.com\/machu-picchu-desde-cusco\/","url":"https:\/\/www.vinicuncatravel.com\/machu-picchu-desde-cusco\/","name":"Machu Picchu desde Cusco -","isPartOf":{"@id":"https:\/\/www.vinicuncatravel.com\/#website"},"primaryImageOfPage":{"@id":"https:\/\/www.vinicuncatravel.com\/machu-picchu-desde-cusco\/#primaryimage"},"image":{"@id":"https:\/\/www.vinicuncatravel.com\/machu-picchu-desde-cusco\/#primaryimage"},"thumbnailUrl":"https:\/\/vinicuncatravel.com\/wp-content\/uploads\/2026\/02\/IMG_2299-1-1024x575.jpg","datePublished":"2026-03-18T02:17:33+00:00","dateModified":"2026-03-22T03:36:22+00:00","breadcrumb":{"@id":"https:\/\/www.vinicuncatravel.com\/machu-picchu-desde-cusco\/#breadcrumb"},"inLanguage":"en-US","potentialAction":[{"@type":"ReadAction","target":["https:\/\/www.vinicuncatravel.com\/machu-picchu-desde-cusco\/"]}]},{"@type":"ImageObject","inLanguage":"en-US","@id":"https:\/\/www.vinicuncatravel.com\/machu-picchu-desde-cusco\/#primaryimage","url":"https:\/\/vinicuncatravel.com\/wp-content\/uploads\/2026\/02\/IMG_2299-1-1024x575.jpg","contentUrl":"https:\/\/vinicuncatravel.com\/wp-content\/uploads\/2026\/02\/IMG_2299-1-1024x575.jpg"},{"@type":"BreadcrumbList","@id":"https:\/\/www.vinicuncatravel.com\/machu-picchu-desde-cusco\/#breadcrumb","itemListElement":[{"@type":"ListItem","position":1,"name":"Portada","item":"https:\/\/www.vinicuncatravel.com\/"},{"@type":"ListItem","position":2,"name":"Machu Picchu desde Cusco"}]},{"@type":"WebSite","@id":"https:\/\/www.vinicuncatravel.com\/#website","url":"https:\/\/www.vinicuncatravel.com\/","name":"Vinicunca Travel | Tour Operator in Cusco","description":"","publisher":{"@id":"https:\/\/www.vinicuncatravel.com\/#organization"},"alternateName":"Vinicunca Travel","potentialAction":[{"@type":"SearchAction","target":{"@type":"EntryPoint","urlTemplate":"https:\/\/www.vinicuncatravel.com\/?s={search_term_string}"},"query-input":{"@type":"PropertyValueSpecification","valueRequired":true,"valueName":"search_term_string"}}],"inLanguage":"en-US"},{"@type":"Organization","@id":"https:\/\/www.vinicuncatravel.com\/#organization","name":"Vinicunca Travel","alternateName":"Vinicunca Travel","url":"https:\/\/www.vinicuncatravel.com\/","logo":{"@type":"ImageObject","inLanguage":"en-US","@id":"https:\/\/www.vinicuncatravel.com\/#\/schema\/logo\/image\/","url":"https:\/\/www.vinicuncatravel.com\/wp-content\/uploads\/2026\/02\/cropped-cropped-Airbrush-IMAGE-ENHANCER-1771433710331-1771433710331-removebg-preview-1-3-1.png","contentUrl":"https:\/\/www.vinicuncatravel.com\/wp-content\/uploads\/2026\/02\/cropped-cropped-Airbrush-IMAGE-ENHANCER-1771433710331-1771433710331-removebg-preview-1-3-1.png","width":369,"height":94,"caption":"Vinicunca Travel"},"image":{"@id":"https:\/\/www.vinicuncatravel.com\/#\/schema\/logo\/image\/"},"sameAs":["https:\/\/www.facebook.com\/profile.php?id=61577388384448","https:\/\/www.instagram.com\/vinicunca_expeditions\/","https:\/\/www.tiktok.com\/@vinicunca_travel"]}]}},"_hostinger_reach_plugin_has_subscription_block":false,"_hostinger_reach_plugin_is_elementor":false,"_links":{"self":[{"href":"https:\/\/www.vinicuncatravel.com\/en\/wp-json\/wp\/v2\/pages\/1963","targetHints":{"allow":["GET"]}}],"collection":[{"href":"https:\/\/www.vinicuncatravel.com\/en\/wp-json\/wp\/v2\/pages"}],"about":[{"href":"https:\/\/www.vinicuncatravel.com\/en\/wp-json\/wp\/v2\/types\/page"}],"author":[{"embeddable":true,"href":"https:\/\/www.vinicuncatravel.com\/en\/wp-json\/wp\/v2\/users\/1"}],"replies":[{"embeddable":true,"href":"https:\/\/www.vinicuncatravel.com\/en\/wp-json\/wp\/v2\/comments?post=1963"}],"version-history":[{"count":14,"href":"https:\/\/www.vinicuncatravel.com\/en\/wp-json\/wp\/v2\/pages\/1963\/revisions"}],"predecessor-version":[{"id":2376,"href":"https:\/\/www.vinicuncatravel.com\/en\/wp-json\/wp\/v2\/pages\/1963\/revisions\/2376"}],"wp:attachment":[{"href":"https:\/\/www.vinicuncatravel.com\/en\/wp-json\/wp\/v2\/media?parent=1963"}],"curies":[{"name":"wp","href":"https:\/\/api.w.org\/{rel}","templated":true}]}}